{"id":11213,"date":"2021-06-14T18:45:41","date_gmt":"2021-06-14T18:45:41","guid":{"rendered":"http:\/\/viajarporalicante.com\/de-la-terreta-shop\/producto\/un-mundo-de-viajes\/"},"modified":"2021-07-07T19:32:18","modified_gmt":"2021-07-07T19:32:18","slug":"un-mundo-de-viajes","status":"publish","type":"product","link":"https:\/\/viajarporalicante.com\/en\/de-la-terreta-shop\/producto\/un-mundo-de-viajes\/","title":{"rendered":"Un mundo de viajes"},"content":{"rendered":"<p>Un libro de tapa blanda con m\u00e1s de 100 hojas a todo color, con calidad \u00f3ptima para escribir en ellas y espacio suficiente para organizar tus pr\u00f3ximos destinos a visitar. Podr\u00e1s colorear los pa\u00edses que hayas visitado, preparar tu maleta de imprescindibles en tu viaje, hacer un TOP 10 de lugares impresionantes, hacer un TOP 10 de las mejores comidas que hayas disfrutado en tus viajes, marcar en el casillero tus vivencias viajeras, hacer una lista de viajes so\u00f1ados y organizar m\u00e1s de 20 viajes.<\/p>\n<p>Puedes descubrir m\u00e1s acerca de su autor y de este fant\u00e1stico cuaderno de viajes en el blog: rubengarcia.travel.blog<\/p>\n","protected":false},"excerpt":{"rendered":"<p>Este cuaderno de viajes te ayudar\u00e1 a planificar mucho mejor tus pr\u00f3ximos destinos a visitar, te permitir\u00e1 recordar lo mejor de tus aventuras y te har\u00e1 so\u00f1ar desde casa.<\/p>\n","protected":false},"featured_media":11219,"template":"","meta":[],"product_cat":[255],"product_tag":[],"yoast_head":"<!-- This site is optimized with the Yoast SEO plugin v17.7 - https:\/\/yoast.com\/wordpress\/plugins\/seo\/ -->\n<title>Un mundo de viajes - Viajar por Alicante<\/title>\n<meta name=\"robots\" content=\"index, follow, max-snippet:-1, max-image-preview:large, max-video-preview:-1\" \/>\n<link rel=\"canonical\" href=\"https:\/\/viajarporalicante.com\/en\/de-la-terreta-shop\/producto\/un-mundo-de-viajes\/\" \/>\n<meta property=\"og:locale\" content=\"en_US\" \/>\n<meta property=\"og:type\" content=\"article\" \/>\n<meta property=\"og:title\" content=\"Un mundo de viajes - Viajar por Alicante\" \/>\n<meta property=\"og:description\" content=\"Este cuaderno de viajes te ayudar\u00e1 a planificar mucho mejor tus pr\u00f3ximos destinos a visitar, te permitir\u00e1 recordar lo mejor de tus aventuras y te har\u00e1 so\u00f1ar desde casa.\" \/>\n<meta property=\"og:url\" content=\"https:\/\/viajarporalicante.com\/en\/de-la-terreta-shop\/producto\/un-mundo-de-viajes\/\" \/>\n<meta property=\"og:site_name\" content=\"Viajar por Alicante\" \/>\n<meta property=\"article:modified_time\" content=\"2021-07-07T19:32:18+00:00\" \/>\n<meta property=\"og:image\" content=\"https:\/\/viajarporalicante.com\/wp-content\/uploads\/2021\/06\/Portada-Espan_ol.jpg\" \/>\n\t<meta property=\"og:image:width\" content=\"1242\" \/>\n\t<meta property=\"og:image:height\" content=\"901\" \/>\n<meta name=\"twitter:card\" content=\"summary_large_image\" \/>\n<meta name=\"twitter:label1\" content=\"Est. reading time\" \/>\n\t<meta name=\"twitter:data1\" content=\"1 minute\" \/>\n<script type=\"application\/ld+json\" class=\"yoast-schema-graph\">{\"@context\":\"https:\/\/schema.org\",\"@graph\":[{\"@type\":\"WebSite\",\"@id\":\"https:\/\/viajarporalicante.com\/#website\",\"url\":\"https:\/\/viajarporalicante.com\/\",\"name\":\"Viajar por Alicante\",\"description\":\"Viajar por Alicante\",\"potentialAction\":[{\"@type\":\"SearchAction\",\"target\":{\"@type\":\"EntryPoint\",\"urlTemplate\":\"https:\/\/viajarporalicante.com\/?s={search_term_string}\"},\"query-input\":\"required name=search_term_string\"}],\"inLanguage\":\"en-US\"},{\"@type\":\"ImageObject\",\"@id\":\"https:\/\/viajarporalicante.com\/en\/de-la-terreta-shop\/producto\/un-mundo-de-viajes\/#primaryimage\",\"inLanguage\":\"en-US\",\"url\":\"https:\/\/viajarporalicante.com\/wp-content\/uploads\/2021\/06\/Portada-Espan_ol.jpg\",\"contentUrl\":\"https:\/\/viajarporalicante.com\/wp-content\/uploads\/2021\/06\/Portada-Espan_ol.jpg\",\"width\":1242,\"height\":901},{\"@type\":\"WebPage\",\"@id\":\"https:\/\/viajarporalicante.com\/en\/de-la-terreta-shop\/producto\/un-mundo-de-viajes\/#webpage\",\"url\":\"https:\/\/viajarporalicante.com\/en\/de-la-terreta-shop\/producto\/un-mundo-de-viajes\/\",\"name\":\"Un mundo de viajes - Viajar por Alicante\",\"isPartOf\":{\"@id\":\"https:\/\/viajarporalicante.com\/#website\"},\"primaryImageOfPage\":{\"@id\":\"https:\/\/viajarporalicante.com\/en\/de-la-terreta-shop\/producto\/un-mundo-de-viajes\/#primaryimage\"},\"datePublished\":\"2021-06-14T18:45:41+00:00\",\"dateModified\":\"2021-07-07T19:32:18+00:00\",\"breadcrumb\":{\"@id\":\"https:\/\/viajarporalicante.com\/en\/de-la-terreta-shop\/producto\/un-mundo-de-viajes\/#breadcrumb\"},\"inLanguage\":\"en-US\",\"potentialAction\":[{\"@type\":\"ReadAction\",\"target\":[\"https:\/\/viajarporalicante.com\/en\/de-la-terreta-shop\/producto\/un-mundo-de-viajes\/\"]}]},{\"@type\":\"BreadcrumbList\",\"@id\":\"https:\/\/viajarporalicante.com\/en\/de-la-terreta-shop\/producto\/un-mundo-de-viajes\/#breadcrumb\",\"itemListElement\":[{\"@type\":\"ListItem\",\"position\":1,\"name\":\"Portada\",\"item\":\"https:\/\/viajarporalicante.com\/en\/\"},{\"@type\":\"ListItem\",\"position\":2,\"name\":\"Shop\",\"item\":\"https:\/\/viajarporalicante.com\/en\/shop\/\"},{\"@type\":\"ListItem\",\"position\":3,\"name\":\"Un mundo de viajes\"}]}]}<\/script>\n<!-- \/ Yoast SEO plugin. -->","yoast_head_json":{"title":"Un mundo de viajes - Viajar por Alicante","robots":{"index":"index","follow":"follow","max-snippet":"max-snippet:-1","max-image-preview":"max-image-preview:large","max-video-preview":"max-video-preview:-1"},"canonical":"https:\/\/viajarporalicante.com\/en\/de-la-terreta-shop\/producto\/un-mundo-de-viajes\/","og_locale":"en_US","og_type":"article","og_title":"Un mundo de viajes - Viajar por Alicante","og_description":"Este cuaderno de viajes te ayudar\u00e1 a planificar mucho mejor tus pr\u00f3ximos destinos a visitar, te permitir\u00e1 recordar lo mejor de tus aventuras y te har\u00e1 so\u00f1ar desde casa.","og_url":"https:\/\/viajarporalicante.com\/en\/de-la-terreta-shop\/producto\/un-mundo-de-viajes\/","og_site_name":"Viajar por Alicante","article_modified_time":"2021-07-07T19:32:18+00:00","og_image":[{"width":1242,"height":901,"url":"https:\/\/viajarporalicante.com\/wp-content\/uploads\/2021\/06\/Portada-Espan_ol.jpg","type":"image\/jpeg"}],"twitter_card":"summary_large_image","twitter_misc":{"Est. reading time":"1 minute"},"schema":{"@context":"https:\/\/schema.org","@graph":[{"@type":"WebSite","@id":"https:\/\/viajarporalicante.com\/#website","url":"https:\/\/viajarporalicante.com\/","name":"Viajar por Alicante","description":"Viajar por Alicante","potentialAction":[{"@type":"SearchAction","target":{"@type":"EntryPoint","urlTemplate":"https:\/\/viajarporalicante.com\/?s={search_term_string}"},"query-input":"required name=search_term_string"}],"inLanguage":"en-US"},{"@type":"ImageObject","@id":"https:\/\/viajarporalicante.com\/en\/de-la-terreta-shop\/producto\/un-mundo-de-viajes\/#primaryimage","inLanguage":"en-US","url":"https:\/\/viajarporalicante.com\/wp-content\/uploads\/2021\/06\/Portada-Espan_ol.jpg","contentUrl":"https:\/\/viajarporalicante.com\/wp-content\/uploads\/2021\/06\/Portada-Espan_ol.jpg","width":1242,"height":901},{"@type":"WebPage","@id":"https:\/\/viajarporalicante.com\/en\/de-la-terreta-shop\/producto\/un-mundo-de-viajes\/#webpage","url":"https:\/\/viajarporalicante.com\/en\/de-la-terreta-shop\/producto\/un-mundo-de-viajes\/","name":"Un mundo de viajes - Viajar por Alicante","isPartOf":{"@id":"https:\/\/viajarporalicante.com\/#website"},"primaryImageOfPage":{"@id":"https:\/\/viajarporalicante.com\/en\/de-la-terreta-shop\/producto\/un-mundo-de-viajes\/#primaryimage"},"datePublished":"2021-06-14T18:45:41+00:00","dateModified":"2021-07-07T19:32:18+00:00","breadcrumb":{"@id":"https:\/\/viajarporalicante.com\/en\/de-la-terreta-shop\/producto\/un-mundo-de-viajes\/#breadcrumb"},"inLanguage":"en-US","potentialAction":[{"@type":"ReadAction","target":["https:\/\/viajarporalicante.com\/en\/de-la-terreta-shop\/producto\/un-mundo-de-viajes\/"]}]},{"@type":"BreadcrumbList","@id":"https:\/\/viajarporalicante.com\/en\/de-la-terreta-shop\/producto\/un-mundo-de-viajes\/#breadcrumb","itemListElement":[{"@type":"ListItem","position":1,"name":"Portada","item":"https:\/\/viajarporalicante.com\/en\/"},{"@type":"ListItem","position":2,"name":"Shop","item":"https:\/\/viajarporalicante.com\/en\/shop\/"},{"@type":"ListItem","position":3,"name":"Un mundo de viajes"}]}]}},"_links":{"self":[{"href":"https:\/\/viajarporalicante.com\/en\/wp-json\/wp\/v2\/product\/11213"}],"collection":[{"href":"https:\/\/viajarporalicante.com\/en\/wp-json\/wp\/v2\/product"}],"about":[{"href":"https:\/\/viajarporalicante.com\/en\/wp-json\/wp\/v2\/types\/product"}],"wp:featuredmedia":[{"embeddable":true,"href":"https:\/\/viajarporalicante.com\/en\/wp-json\/wp\/v2\/media\/11219"}],"wp:attachment":[{"href":"https:\/\/viajarporalicante.com\/en\/wp-json\/wp\/v2\/media?parent=11213"}],"wp:term":[{"taxonomy":"product_cat","embeddable":true,"href":"https:\/\/viajarporalicante.com\/en\/wp-json\/wp\/v2\/product_cat?post=11213"},{"taxonomy":"product_tag","embeddable":true,"href":"https:\/\/viajarporalicante.com\/en\/wp-json\/wp\/v2\/product_tag?post=11213"}],"curies":[{"name":"wp","href":"https:\/\/api.w.org\/{rel}","templated":true}]}}